{"id":6,"date":"2025-02-09T04:15:01","date_gmt":"2025-02-09T07:15:01","guid":{"rendered":"https:\/\/www.villageitaparica.com.br\/lp\/?page_id=6"},"modified":"2026-03-19T14:12:05","modified_gmt":"2026-03-19T17:12:05","slug":"arya","status":"publish","type":"page","link":"https:\/\/www.villageitaparica.com.br\/lp\/","title":{"rendered":"Village Itaparica"},"content":{"rendered":"","protected":false},"excerpt":{"rendered":"","protected":false},"author":1,"featured_media":206,"parent":0,"menu_order":0,"comment_status":"closed","ping_status":"closed","template":"template-home.php","meta":{"inline_featured_image":false,"footnotes":""},"class_list":["post-6","page","type-page","status-publish","has-post-thumbnail","hentry"],"acf":[],"yoast_head":"<!-- This site is optimized with the Yoast SEO plugin v24.8.1 - https:\/\/yoast.com\/wordpress\/plugins\/seo\/ -->\n<title>Village Itaparica: Seu Ref\u00fagio de Lazer e Conforto em Itaparica<\/title>\n<meta name=\"description\" content=\"Descubra o Village Itaparica, um resort de multipropriedade na Ilha de Itaparica, Bahia, oferecendo apartamentos mobiliados e equipados, beach club e shopping a c\u00e9u aberto. Garanta suas f\u00e9rias anuais em um para\u00edso tropical.\" \/>\n<meta name=\"robots\" content=\"index, follow, max-snippet:-1, max-image-preview:large, max-video-preview:-1\" \/>\n<link rel=\"canonical\" href=\"https:\/\/www.villageitaparica.com.br\/lp\/\" \/>\n<meta property=\"og:locale\" content=\"pt_BR\" \/>\n<meta property=\"og:type\" content=\"article\" \/>\n<meta property=\"og:title\" content=\"Village Itaparica: Seu Ref\u00fagio de Lazer e Conforto em Itaparica\" \/>\n<meta property=\"og:description\" content=\"Descubra o Village Itaparica, um resort de multipropriedade na Ilha de Itaparica, Bahia, oferecendo apartamentos mobiliados e equipados, beach club e shopping a c\u00e9u aberto. Garanta suas f\u00e9rias anuais em um para\u00edso tropical.\" \/>\n<meta property=\"og:url\" content=\"https:\/\/www.villageitaparica.com.br\/lp\/\" \/>\n<meta property=\"og:site_name\" content=\"Village Itaparica\" \/>\n<meta property=\"article:modified_time\" content=\"2026-03-19T17:12:05+00:00\" \/>\n<meta property=\"og:image\" content=\"https:\/\/www.villageitaparica.com.br\/lp\/wp-content\/uploads\/2025\/03\/img-10.webp\" \/>\n\t<meta property=\"og:image:width\" content=\"1920\" \/>\n\t<meta property=\"og:image:height\" content=\"1180\" \/>\n\t<meta property=\"og:image:type\" content=\"image\/webp\" \/>\n<meta name=\"twitter:card\" content=\"summary_large_image\" \/>\n<meta name=\"twitter:label1\" content=\"Est. tempo de leitura\" \/>\n\t<meta name=\"twitter:data1\" content=\"1 minuto\" \/>\n<script type=\"application\/ld+json\" class=\"yoast-schema-graph\">{\"@context\":\"https:\/\/schema.org\",\"@graph\":[{\"@type\":\"WebPage\",\"@id\":\"https:\/\/www.villageitaparica.com.br\/lp\/\",\"url\":\"https:\/\/www.villageitaparica.com.br\/lp\/\",\"name\":\"Village Itaparica: Seu Ref\u00fagio de Lazer e Conforto em Itaparica\",\"isPartOf\":{\"@id\":\"https:\/\/www.villageitaparica.com.br\/lp\/#website\"},\"primaryImageOfPage\":{\"@id\":\"https:\/\/www.villageitaparica.com.br\/lp\/#primaryimage\"},\"image\":{\"@id\":\"https:\/\/www.villageitaparica.com.br\/lp\/#primaryimage\"},\"thumbnailUrl\":\"https:\/\/www.villageitaparica.com.br\/lp\/wp-content\/uploads\/2025\/03\/img-10.webp\",\"datePublished\":\"2025-02-09T07:15:01+00:00\",\"dateModified\":\"2026-03-19T17:12:05+00:00\",\"description\":\"Descubra o Village Itaparica, um resort de multipropriedade na Ilha de Itaparica, Bahia, oferecendo apartamentos mobiliados e equipados, beach club e shopping a c\u00e9u aberto. Garanta suas f\u00e9rias anuais em um para\u00edso tropical.\",\"breadcrumb\":{\"@id\":\"https:\/\/www.villageitaparica.com.br\/lp\/#breadcrumb\"},\"inLanguage\":\"pt-BR\",\"potentialAction\":[{\"@type\":\"ReadAction\",\"target\":[\"https:\/\/www.villageitaparica.com.br\/lp\/\"]}]},{\"@type\":\"ImageObject\",\"inLanguage\":\"pt-BR\",\"@id\":\"https:\/\/www.villageitaparica.com.br\/lp\/#primaryimage\",\"url\":\"https:\/\/www.villageitaparica.com.br\/lp\/wp-content\/uploads\/2025\/03\/img-10.webp\",\"contentUrl\":\"https:\/\/www.villageitaparica.com.br\/lp\/wp-content\/uploads\/2025\/03\/img-10.webp\",\"width\":1920,\"height\":1180},{\"@type\":\"BreadcrumbList\",\"@id\":\"https:\/\/www.villageitaparica.com.br\/lp\/#breadcrumb\",\"itemListElement\":[{\"@type\":\"ListItem\",\"position\":1,\"name\":\"In\u00edcio\",\"item\":\"https:\/\/www.villageitaparica.com.br\/lp\/\"},{\"@type\":\"ListItem\",\"position\":2,\"name\":\"Village Itaparica\"}]},{\"@type\":\"WebSite\",\"@id\":\"https:\/\/www.villageitaparica.com.br\/lp\/#website\",\"url\":\"https:\/\/www.villageitaparica.com.br\/lp\/\",\"name\":\"Village Itaparica\",\"description\":\"\",\"potentialAction\":[{\"@type\":\"SearchAction\",\"target\":{\"@type\":\"EntryPoint\",\"urlTemplate\":\"https:\/\/www.villageitaparica.com.br\/lp\/?s={search_term_string}\"},\"query-input\":{\"@type\":\"PropertyValueSpecification\",\"valueRequired\":true,\"valueName\":\"search_term_string\"}}],\"inLanguage\":\"pt-BR\"}]}<\/script>\n<!-- \/ Yoast SEO plugin. -->","yoast_head_json":{"title":"Village Itaparica: Seu Ref\u00fagio de Lazer e Conforto em Itaparica","description":"Descubra o Village Itaparica, um resort de multipropriedade na Ilha de Itaparica, Bahia, oferecendo apartamentos mobiliados e equipados, beach club e shopping a c\u00e9u aberto. Garanta suas f\u00e9rias anuais em um para\u00edso tropical.","robots":{"index":"index","follow":"follow","max-snippet":"max-snippet:-1","max-image-preview":"max-image-preview:large","max-video-preview":"max-video-preview:-1"},"canonical":"https:\/\/www.villageitaparica.com.br\/lp\/","og_locale":"pt_BR","og_type":"article","og_title":"Village Itaparica: Seu Ref\u00fagio de Lazer e Conforto em Itaparica","og_description":"Descubra o Village Itaparica, um resort de multipropriedade na Ilha de Itaparica, Bahia, oferecendo apartamentos mobiliados e equipados, beach club e shopping a c\u00e9u aberto. Garanta suas f\u00e9rias anuais em um para\u00edso tropical.","og_url":"https:\/\/www.villageitaparica.com.br\/lp\/","og_site_name":"Village Itaparica","article_modified_time":"2026-03-19T17:12:05+00:00","og_image":[{"width":1920,"height":1180,"url":"https:\/\/www.villageitaparica.com.br\/lp\/wp-content\/uploads\/2025\/03\/img-10.webp","type":"image\/webp"}],"twitter_card":"summary_large_image","twitter_misc":{"Est. tempo de leitura":"1 minuto"},"schema":{"@context":"https:\/\/schema.org","@graph":[{"@type":"WebPage","@id":"https:\/\/www.villageitaparica.com.br\/lp\/","url":"https:\/\/www.villageitaparica.com.br\/lp\/","name":"Village Itaparica: Seu Ref\u00fagio de Lazer e Conforto em Itaparica","isPartOf":{"@id":"https:\/\/www.villageitaparica.com.br\/lp\/#website"},"primaryImageOfPage":{"@id":"https:\/\/www.villageitaparica.com.br\/lp\/#primaryimage"},"image":{"@id":"https:\/\/www.villageitaparica.com.br\/lp\/#primaryimage"},"thumbnailUrl":"https:\/\/www.villageitaparica.com.br\/lp\/wp-content\/uploads\/2025\/03\/img-10.webp","datePublished":"2025-02-09T07:15:01+00:00","dateModified":"2026-03-19T17:12:05+00:00","description":"Descubra o Village Itaparica, um resort de multipropriedade na Ilha de Itaparica, Bahia, oferecendo apartamentos mobiliados e equipados, beach club e shopping a c\u00e9u aberto. Garanta suas f\u00e9rias anuais em um para\u00edso tropical.","breadcrumb":{"@id":"https:\/\/www.villageitaparica.com.br\/lp\/#breadcrumb"},"inLanguage":"pt-BR","potentialAction":[{"@type":"ReadAction","target":["https:\/\/www.villageitaparica.com.br\/lp\/"]}]},{"@type":"ImageObject","inLanguage":"pt-BR","@id":"https:\/\/www.villageitaparica.com.br\/lp\/#primaryimage","url":"https:\/\/www.villageitaparica.com.br\/lp\/wp-content\/uploads\/2025\/03\/img-10.webp","contentUrl":"https:\/\/www.villageitaparica.com.br\/lp\/wp-content\/uploads\/2025\/03\/img-10.webp","width":1920,"height":1180},{"@type":"BreadcrumbList","@id":"https:\/\/www.villageitaparica.com.br\/lp\/#breadcrumb","itemListElement":[{"@type":"ListItem","position":1,"name":"In\u00edcio","item":"https:\/\/www.villageitaparica.com.br\/lp\/"},{"@type":"ListItem","position":2,"name":"Village Itaparica"}]},{"@type":"WebSite","@id":"https:\/\/www.villageitaparica.com.br\/lp\/#website","url":"https:\/\/www.villageitaparica.com.br\/lp\/","name":"Village Itaparica","description":"","potentialAction":[{"@type":"SearchAction","target":{"@type":"EntryPoint","urlTemplate":"https:\/\/www.villageitaparica.com.br\/lp\/?s={search_term_string}"},"query-input":{"@type":"PropertyValueSpecification","valueRequired":true,"valueName":"search_term_string"}}],"inLanguage":"pt-BR"}]}},"_links":{"self":[{"href":"https:\/\/www.villageitaparica.com.br\/lp\/wp-json\/wp\/v2\/pages\/6","targetHints":{"allow":["GET"]}}],"collection":[{"href":"https:\/\/www.villageitaparica.com.br\/lp\/wp-json\/wp\/v2\/pages"}],"about":[{"href":"https:\/\/www.villageitaparica.com.br\/lp\/wp-json\/wp\/v2\/types\/page"}],"author":[{"embeddable":true,"href":"https:\/\/www.villageitaparica.com.br\/lp\/wp-json\/wp\/v2\/users\/1"}],"replies":[{"embeddable":true,"href":"https:\/\/www.villageitaparica.com.br\/lp\/wp-json\/wp\/v2\/comments?post=6"}],"version-history":[{"count":105,"href":"https:\/\/www.villageitaparica.com.br\/lp\/wp-json\/wp\/v2\/pages\/6\/revisions"}],"predecessor-version":[{"id":428,"href":"https:\/\/www.villageitaparica.com.br\/lp\/wp-json\/wp\/v2\/pages\/6\/revisions\/428"}],"wp:featuredmedia":[{"embeddable":true,"href":"https:\/\/www.villageitaparica.com.br\/lp\/wp-json\/wp\/v2\/media\/206"}],"wp:attachment":[{"href":"https:\/\/www.villageitaparica.com.br\/lp\/wp-json\/wp\/v2\/media?parent=6"}],"curies":[{"name":"wp","href":"https:\/\/api.w.org\/{rel}","templated":true}]}}